{"id":6500,"date":"2022-02-11T02:49:21","date_gmt":"2022-02-11T02:49:21","guid":{"rendered":"https:\/\/beteem.net\/wp\/?page_id=6500"},"modified":"2022-02-11T02:54:31","modified_gmt":"2022-02-11T02:54:31","slug":"presentation","status":"publish","type":"page","link":"https:\/\/beteem.net\/?page_id=6500","title":{"rendered":"PR\u00c9SENTATION"},"content":{"rendered":"<h1>BETEEM &#8211; BR\u00c8VE DESCRIPTION<\/h1>\n<p><strong>BETEEM<\/strong> est une soci\u00e9t\u00e9 de droit mauritanien. Elle propose ses prestations dans les domaines d\u2019\u00e9tude d\u2019ing\u00e9nierie des travaux d\u2019\u00e9lectricit\u00e9, de climatisation et d\u2019adduction d\u2019eau potable ainsi que la maintenance dans ces domaines. C\u2019est un bureau hautement sp\u00e9cialis\u00e9 dans la conception, l\u2019expertise, l&rsquo;ex\u00e9cution, le suivi et&nbsp; le contr\u00f4le des projets&nbsp; d\u2019\u00e9lectricit\u00e9, de climatisation et d\u2019eau. Avec ses partenaires de renom, elle d\u00e9veloppe l\u2019esprit de travail en r\u00e9seau dans le souci d\u2019efficacit\u00e9, du respect des engagements.<\/p>\n<ol>\n<li><strong>DOMAINES D\u2019ACTIVITES&nbsp;<\/strong><\/li>\n<\/ol>\n<ul>\n<li>Assurer des prestations de contr\u00f4le et de suivi des travaux dans les domaines de&nbsp;:<\/li>\n<li>L\u2019\u00e9lectrification rurale et p\u00e9riurbaine par centrale thermique, solaire ou parc \u00e9olien<\/li>\n<li>pompage solaire, \u00e9olien et thermique<\/li>\n<li>t\u00e9l\u00e9phonie rurale avec des syst\u00e8mes autonomes d\u2019\u00e9mission et de r\u00e9ception des images et des donn\u00e9es par satellite<\/li>\n<li>Fournir des prestations d\u2019\u00e9tudes, de formation et d\u2019ex\u00e9cution des travaux ainsi que la maintenance dans les domaines de&nbsp;:\n<ul>\n<li>L\u2019\u00e9nergie<\/li>\n<li>La climatisation<\/li>\n<li>L\u2019eau<\/li>\n<li>Les t\u00e9l\u00e9communications<\/li>\n<\/ul>\n<\/li>\n<\/ul>\n<ol start=\"2\">\n<li><strong>OBJECTIFS<\/strong><\/li>\n<\/ol>\n<p>Face aux enjeux de la probl\u00e9matique d\u2019adaptation des services de base essentiels fournis \u00e0 la demande, notre approche est de proposer des prestations optimis\u00e9es et de veiller \u00e0 ce que les r\u00e9els besoins vis\u00e9s dans les projets soient respect\u00e9s.<\/p>\n<ol start=\"3\">\n<li><strong>MOYENS<\/strong><\/li>\n<\/ol>\n<p><strong>BETEEM<\/strong> <strong>dispose des moyens lui permettant de r\u00e9pondre \u00e0 toute demande dans les meilleurs d\u00e9lais&nbsp; dans les domaines de ses activit\u00e9s&nbsp; et d\u2019intervenir \u00e0 tout moment et en tout lieu. Ces moyens sont entre autres<\/strong><\/p>\n<ul>\n<li><strong>Les moyens financiers<\/strong><\/li>\n<li><strong>Des ing\u00e9nieurs et techniciens qualifi\u00e9s<\/strong><\/li>\n<li><strong>Logistique compos\u00e9e de&nbsp;:<\/strong><\/li>\n<li><strong>V\u00e9hicules tout terrain<\/strong><\/li>\n<li><strong>Ordinateur et accessoires avec logiciels de derni\u00e8res g\u00e9n\u00e9rations<\/strong><\/li>\n<li><strong>T\u00e9l\u00e9phones<\/strong><\/li>\n<li><strong>Fax<\/strong><\/li>\n<\/ul>\n<p><strong><u>&nbsp;<\/u><\/strong><\/p>\n<p><strong><u>&nbsp;<\/u><\/strong><\/p>\n","protected":false},"excerpt":{"rendered":"<p>BETEEM &#8211; BR\u00c8VE DESCRIPTION BETEEM est une soci\u00e9t\u00e9 de droit mauritanien. Elle propose ses prestations dans les domaines d\u2019\u00e9tude d\u2019ing\u00e9nierie des travaux d\u2019\u00e9lectricit\u00e9, de climatisation et d\u2019adduction d\u2019eau potable ainsi que la maintenance dans ces domaines. C\u2019est un bureau hautement sp\u00e9cialis\u00e9 dans la conception, l\u2019expertise, l&rsquo;ex\u00e9cution, le suivi et&nbsp; le contr\u00f4le des projets&nbsp; d\u2019\u00e9lectricit\u00e9, de&#8230;<\/p>\n","protected":false},"author":1,"featured_media":0,"parent":0,"menu_order":0,"comment_status":"closed","ping_status":"closed","template":"","meta":[],"_links":{"self":[{"href":"https:\/\/beteem.net\/index.php?rest_route=\/wp\/v2\/pages\/6500"}],"collection":[{"href":"https:\/\/beteem.net\/index.php?rest_route=\/wp\/v2\/pages"}],"about":[{"href":"https:\/\/beteem.net\/index.php?rest_route=\/wp\/v2\/types\/page"}],"author":[{"embeddable":true,"href":"https:\/\/beteem.net\/index.php?rest_route=\/wp\/v2\/users\/1"}],"replies":[{"embeddable":true,"href":"https:\/\/beteem.net\/index.php?rest_route=%2Fwp%2Fv2%2Fcomments&post=6500"}],"version-history":[{"count":5,"href":"https:\/\/beteem.net\/index.php?rest_route=\/wp\/v2\/pages\/6500\/revisions"}],"predecessor-version":[{"id":6505,"href":"https:\/\/beteem.net\/index.php?rest_route=\/wp\/v2\/pages\/6500\/revisions\/6505"}],"wp:attachment":[{"href":"https:\/\/beteem.net\/index.php?rest_route=%2Fwp%2Fv2%2Fmedia&parent=6500"}],"curies":[{"name":"wp","href":"https:\/\/api.w.org\/{rel}","templated":true}]}}