{"id":6573,"date":"2022-02-22T11:41:56","date_gmt":"2022-02-22T11:41:56","guid":{"rendered":"https:\/\/beteem.net\/wp\/?page_id=6573"},"modified":"2022-02-22T12:20:01","modified_gmt":"2022-02-22T12:20:01","slug":"formation","status":"publish","type":"page","link":"https:\/\/beteem.net\/?page_id=6573","title":{"rendered":"FORMATION"},"content":{"rendered":"\t\t<div data-elementor-type=\"wp-page\" data-elementor-id=\"6573\" class=\"elementor elementor-6573\" data-elementor-settings=\"[]\">\n\t\t\t\t\t\t<div class=\"elementor-inner\">\n\t\t\t\t\t\t\t<div class=\"elementor-section-wrap\">\n\t\t\t\t\t\t\t<section class=\"elementor-section elementor-top-section elementor-element elementor-element-b426eca elementor-section-boxed elementor-section-height-default elementor-section-height-default\" data-id=\"b426eca\" data-element_type=\"section\">\n\t\t\t\t\t\t<div class=\"elementor-container elementor-column-gap-default\">\n\t\t\t\t\t\t\t<div class=\"elementor-row\">\n\t\t\t\t\t<div class=\"elementor-column elementor-col-100 elementor-top-column elementor-element elementor-element-76412ce\" data-id=\"76412ce\" data-element_type=\"column\">\n\t\t\t<div class=\"elementor-column-wrap elementor-element-populated\">\n\t\t\t\t\t\t\t<div class=\"elementor-widget-wrap\">\n\t\t\t\t\t\t<div class=\"elementor-element elementor-element-711b8f6 elementor-widget elementor-widget-text-editor\" data-id=\"711b8f6\" data-element_type=\"widget\" data-widget_type=\"text-editor.default\">\n\t\t\t\t<div class=\"elementor-widget-container\">\n\t\t\t\t\t\t\t\t<div class=\"elementor-text-editor elementor-clearfix\">\n\t\t\t\t<p><strong>Le bureau d&rsquo;\u00e9tudes BETEEM\u00a0 est aussi sp\u00e9cialis\u00e9 dans la formation dans les domaines de l&rsquo;\u00e9lectricit\u00e9 et de l&rsquo;eau.<\/strong><\/p><div><strong>Ces formations sont adress\u00e9es aux autres bureaux d&rsquo;\u00e9tudes, aux entreprises,aux maitres d&rsquo;ouvrages et \u00e0 toutes les autres structures que cela peut int\u00e9resser.<\/strong><\/div><div><strong>Les formations sont g\u00e9n\u00e9ralement de courte dur\u00e9e mais peuvent \u00eatre dispenser pour des dur\u00e9es plus longues.<\/strong><\/div><div><strong>Pour l&rsquo;\u00e9lectricit\u00e9 elles concernent g\u00e9n\u00e9ralement:<\/strong><\/div><div><strong>&#8212; les installations \u00e9lectriques industrielles et domestiques;<\/strong><\/div><div><strong>&#8212; les r\u00e9seaux de distributions MT\/BT;<\/strong><\/div><div><strong>&#8211;les installations du courant faible (d\u00e9tection incendie,alarmes intrusion, vid\u00e9o-surveillance, informatique, t\u00e9l\u00e9phonie etc&#8230;);<\/strong><\/div><div><strong>&#8211;les installations automatis\u00e9es (Gestion par automates programmables, relayage,etc&#8230;);<\/strong><\/div><div><strong>&#8211;les \u00e9nergies renouvelables (solaires, \u00e9oliennes, thermiques, mixtes,et les injections sur r\u00e9seaux);<\/strong><\/div><div><strong>&#8211;la climatisation (individuelle, centralis\u00e9e);<\/strong><\/div><div><strong>&#8211;etc&#8230;<\/strong><\/div><div><div><strong>Pour l&rsquo;eau elles concernent g\u00e9n\u00e9ralement:<\/strong><\/div><div><strong>&#8212; les installations industrielles et domestiques;<\/strong><\/div><div><strong>&#8212; les r\u00e9seaux de distributions des villes et village;<\/strong><\/div><div><strong>&#8211;l&rsquo;assainissement individuel ou collectif;<\/strong><\/div><\/div><div><strong>&#8211;etc&#8230;<\/strong><\/div>\t\t\t\t\t<\/div>\n\t\t\t\t\t\t<\/div>\n\t\t\t\t<\/div>\n\t\t\t\t\t\t<\/div>\n\t\t\t\t\t<\/div>\n\t\t<\/div>\n\t\t\t\t\t\t\t\t<\/div>\n\t\t\t\t\t<\/div>\n\t\t<\/section>\n\t\t\t\t\t\t<\/div>\n\t\t\t\t\t\t<\/div>\n\t\t\t\t\t<\/div>\n\t\t","protected":false},"excerpt":{"rendered":"<p>Le bureau d&rsquo;\u00e9tudes BETEEM\u00a0 est aussi sp\u00e9cialis\u00e9 dans la formation dans les domaines de l&rsquo;\u00e9lectricit\u00e9 et de l&rsquo;eau. Ces formations sont adress\u00e9es aux autres bureaux d&rsquo;\u00e9tudes, aux entreprises,aux maitres d&rsquo;ouvrages et \u00e0 toutes les autres structures que cela peut int\u00e9resser.Les formations sont g\u00e9n\u00e9ralement de courte dur\u00e9e mais peuvent \u00eatre dispenser pour des dur\u00e9es plus longues.Pour&#8230;<\/p>\n","protected":false},"author":1,"featured_media":0,"parent":0,"menu_order":0,"comment_status":"closed","ping_status":"closed","template":"","meta":[],"_links":{"self":[{"href":"https:\/\/beteem.net\/index.php?rest_route=\/wp\/v2\/pages\/6573"}],"collection":[{"href":"https:\/\/beteem.net\/index.php?rest_route=\/wp\/v2\/pages"}],"about":[{"href":"https:\/\/beteem.net\/index.php?rest_route=\/wp\/v2\/types\/page"}],"author":[{"embeddable":true,"href":"https:\/\/beteem.net\/index.php?rest_route=\/wp\/v2\/users\/1"}],"replies":[{"embeddable":true,"href":"https:\/\/beteem.net\/index.php?rest_route=%2Fwp%2Fv2%2Fcomments&post=6573"}],"version-history":[{"count":5,"href":"https:\/\/beteem.net\/index.php?rest_route=\/wp\/v2\/pages\/6573\/revisions"}],"predecessor-version":[{"id":6583,"href":"https:\/\/beteem.net\/index.php?rest_route=\/wp\/v2\/pages\/6573\/revisions\/6583"}],"wp:attachment":[{"href":"https:\/\/beteem.net\/index.php?rest_route=%2Fwp%2Fv2%2Fmedia&parent=6573"}],"curies":[{"name":"wp","href":"https:\/\/api.w.org\/{rel}","templated":true}]}}